{"id":32,"date":"2020-06-09T16:40:43","date_gmt":"2020-06-09T16:40:43","guid":{"rendered":"https:\/\/wayfareraudio.com\/?page_id=32"},"modified":"2025-08-10T12:04:57","modified_gmt":"2025-08-10T12:04:57","slug":"kontakt-wayfarer-audio-fuer-auftraege-lizenzierungen-und-bookinganfragen","status":"publish","type":"page","link":"https:\/\/wayfareraudio.com\/en\/kontakt-wayfarer-audio-fuer-auftraege-lizenzierungen-und-bookinganfragen\/","title":{"rendered":"Contact Wayfarer Audio"},"content":{"rendered":"<div class=\"lazyblock-content-section-Z9XEJP wp-block-lazyblock-content-section\"><article  id=\"\" class=\"clearfix \r\ninside-wide \r\nfull-width \r\n \r\n \r\nanimated fadeInUpShort \r\n \r\n\">\r\n  \r\n\r\n  <div class=\"inside  \">\r\n  \r\n       \r\n       \r\n  <div class=\"lazyblock-inner-blocks\">\n\n<div class=\"wp-block-group is-layout-flow wp-block-group-is-layout-flow\">\n<h1 class=\"wp-block-heading\">Contact<\/h1>\n<\/div>\n\n\n\n<div class=\"wp-block-columns is-layout-flex wp-container-core-columns-is-layout-9d6595d7 wp-block-columns-is-layout-flex\">\n<div class=\"wp-block-column is-layout-flow wp-block-column-is-layout-flow\">\n<p>Please send all your inquiries concerning bookings, licences and orders to:&nbsp;<a href=\"mailto:contact@chris-wayfarer.com\">chris@wayfareraudio.com<\/a><\/p>\n\n\n\n<p><\/p>\n\n\n\n<p><\/p>\n\n\n\n<p><strong>Phone:<\/strong> 0049 (0)&nbsp;170 778 33 11<br>(You can also Zoom \/ Skype with us. Please let us know before.)<\/p>\n<\/div>\n\n\n\n<div class=\"wp-block-column is-layout-flow wp-block-column-is-layout-flow\">\n\n<div class=\"wpcf7 no-js\" id=\"wpcf7-f236-o1\" lang=\"de-DE\" dir=\"ltr\" data-wpcf7-id=\"236\">\n<div class=\"screen-reader-response\"><p role=\"status\" aria-live=\"polite\" aria-atomic=\"true\"><\/p> <ul><\/ul><\/div>\n<form action=\"\/en\/wp-json\/wp\/v2\/pages\/32#wpcf7-f236-o1\" method=\"post\" class=\"wpcf7-form init\" aria-label=\"Kontaktformular\" novalidate=\"novalidate\" data-status=\"init\">\n<fieldset class=\"hidden-fields-container\"><input type=\"hidden\" name=\"_wpcf7\" value=\"236\" \/><input type=\"hidden\" name=\"_wpcf7_version\" value=\"6.1.5\" \/><input type=\"hidden\" name=\"_wpcf7_locale\" value=\"de_DE\" \/><input type=\"hidden\" name=\"_wpcf7_unit_tag\" value=\"wpcf7-f236-o1\" \/><input type=\"hidden\" name=\"_wpcf7_container_post\" value=\"0\" \/><input type=\"hidden\" name=\"_wpcf7_posted_data_hash\" value=\"\" \/>\n<\/fieldset>\n<p><label>You Name *<br \/>\n<span class=\"wpcf7-form-control-wrap\" data-name=\"your-name\"><input size=\"40\" maxlength=\"400\" class=\"wpcf7-form-control wpcf7-text wpcf7-validates-as-required\" aria-required=\"true\" aria-invalid=\"false\" value=\"\" type=\"text\" name=\"your-name\" \/><\/span> <\/label>\n<\/p>\n<p><label>Your eMail-Adress *<br \/>\n<span class=\"wpcf7-form-control-wrap\" data-name=\"your-email\"><input size=\"40\" maxlength=\"400\" class=\"wpcf7-form-control wpcf7-email wpcf7-validates-as-required wpcf7-text wpcf7-validates-as-email\" aria-required=\"true\" aria-invalid=\"false\" value=\"\" type=\"email\" name=\"your-email\" \/><\/span> <\/label>\n<\/p>\n<p><label>Subject<br \/>\n<span class=\"wpcf7-form-control-wrap\" data-name=\"your-subject\"><input size=\"40\" maxlength=\"400\" class=\"wpcf7-form-control wpcf7-text\" aria-invalid=\"false\" value=\"\" type=\"text\" name=\"your-subject\" \/><\/span> <\/label>\n<\/p>\n<p><label>Message<br \/>\n<span class=\"wpcf7-form-control-wrap\" data-name=\"your-message\"><textarea cols=\"40\" rows=\"10\" maxlength=\"2000\" class=\"wpcf7-form-control wpcf7-textarea wpcf7-validates-as-required\" aria-required=\"true\" aria-invalid=\"false\" name=\"your-message\"><\/textarea><\/span> <\/label>\n<\/p>\n<p><label>Security Question *<\/label><br \/>\n<span class=\"wpcf7-form-control-wrap\" data-name=\"quiz-480\"><label><span class=\"wpcf7-quiz-label\">Please solve 5 + 3<\/span> <input size=\"40\" class=\"wpcf7-form-control wpcf7-quiz\" autocomplete=\"off\" aria-required=\"true\" aria-invalid=\"false\" type=\"text\" name=\"quiz-480\" \/><\/label><input type=\"hidden\" name=\"_wpcf7_quiz_answer_quiz-480\" value=\"b2654e869ba5f64ff9320853bfb72714\" \/><\/span>\n<\/p>\n<p><span class=\"wpcf7-form-control-wrap\" data-name=\"acceptance-221\"><span class=\"wpcf7-form-control wpcf7-acceptance\"><span class=\"wpcf7-list-item\"><input type=\"checkbox\" name=\"acceptance-221\" value=\"1\" aria-invalid=\"false\" \/><\/span><\/span><\/span>\n<\/p>\n<p><small>Yes, I've read I have read the <a href=\"\/de\/privacy-policy\" target=\"_blank\">privacy policy<\/a> and I agree that the data I provide will be collected and stored electronically. My data is used only for processing and answering of my request. By submitting the contact form, I agree to the processing. The data transmission is encrypted.<br \/>\n<input class=\"wpcf7-form-control wpcf7-submit has-spinner\" type=\"submit\" value=\"Senden\" \/><\/small>\n<\/p><p style=\"display: none !important;\" class=\"akismet-fields-container\" data-prefix=\"_wpcf7_ak_\"><label>&#916;<textarea name=\"_wpcf7_ak_hp_textarea\" cols=\"45\" rows=\"8\" maxlength=\"100\"><\/textarea><\/label><input type=\"hidden\" id=\"ak_js_1\" name=\"_wpcf7_ak_js\" value=\"239\"\/><script>document.getElementById( \"ak_js_1\" ).setAttribute( \"value\", ( new Date() ).getTime() );<\/script><\/p><div class=\"wpcf7-response-output\" aria-hidden=\"true\"><\/div>\n<\/form>\n<\/div>\n\n<\/div>\n<\/div>\n\n\n\n<p><\/p>\n\n\n\n<p><\/p>\n\n<\/div>\r\n       \r\n       \r\n\r\n      \r\n         \r\n\r\n  <\/div>    \r\n\r\n  \r\n\r\n<\/article><\/div>","protected":false},"excerpt":{"rendered":"","protected":false},"author":1,"featured_media":0,"parent":0,"menu_order":30,"comment_status":"closed","ping_status":"closed","template":"","meta":{"footnotes":""},"class_list":["post-32","page","type-page","status-publish","hentry"],"translation":{"provider":"WPGlobus","version":"3.0.2","language":"en","enabled_languages":["de","en"],"languages":{"de":{"title":true,"content":true,"excerpt":false},"en":{"title":true,"content":true,"excerpt":false}}},"yoast_head":"<!-- This site is optimized with the Yoast SEO plugin v27.4 - https:\/\/yoast.com\/product\/yoast-seo-wordpress\/ -->\n<title>Contact Wayfarer Audio for orders, licences and bookings<\/title>\n<meta name=\"description\" content=\"Contact Wayfarer Audio for orders, licences, bookings and other inquiries via e-mail, phone or video telephony\" \/>\n<meta name=\"robots\" content=\"index, follow, max-snippet:-1, max-image-preview:large, max-video-preview:-1\" \/>\n<link rel=\"canonical\" href=\"https:\/\/wayfareraudio.com\/kontakt-wayfarer-audio-fuer-auftraege-lizenzierungen-und-bookinganfragen\/\" \/>\n<meta property=\"og:locale\" content=\"en_US\" \/>\n<meta property=\"og:type\" content=\"article\" \/>\n<meta property=\"og:title\" content=\"Contact Wayfarer Audio for orders, licences and bookings\" \/>\n<meta property=\"og:description\" content=\"Contact Wayfarer Audio for orders, licences, bookings and other inquiries via e-mail, phone or video telephony\" \/>\n<meta property=\"og:url\" content=\"https:\/\/wayfareraudio.com\/kontakt-wayfarer-audio-fuer-auftraege-lizenzierungen-und-bookinganfragen\/\" \/>\n<meta property=\"og:site_name\" content=\"Wayfarer Audio\" \/>\n<meta property=\"article:modified_time\" content=\"2025-08-10T12:04:57+00:00\" \/>\n<meta name=\"twitter:card\" content=\"summary_large_image\" \/>\n<meta name=\"twitter:label1\" content=\"Est. reading time\" \/>\n\t<meta name=\"twitter:data1\" content=\"1 minute\" \/>\n<script type=\"application\/ld+json\" class=\"yoast-schema-graph\">{\"@context\":\"https:\\\/\\\/schema.org\",\"@graph\":[{\"@type\":\"WebPage\",\"@id\":\"https:\\\/\\\/wayfareraudio.com\\\/kontakt-wayfarer-audio-fuer-auftraege-lizenzierungen-und-bookinganfragen\\\/\",\"url\":\"https:\\\/\\\/wayfareraudio.com\\\/kontakt-wayfarer-audio-fuer-auftraege-lizenzierungen-und-bookinganfragen\\\/\",\"name\":\"Kontakt Wayfarer Audio f\u00fcr Auftr\u00e4ge, Lizenzierungen und Bookinganfragen\",\"isPartOf\":{\"@id\":\"https:\\\/\\\/wayfareraudio.com\\\/#website\"},\"datePublished\":\"2020-06-09T16:40:43+00:00\",\"dateModified\":\"2025-08-10T12:04:57+00:00\",\"description\":\"Kontakt Wayfarer Audio f\u00fcr Auftr\u00e4ge, Lizenzierungen und Bookinganfragen - per E-Mail, Telefon oder \u00fcber Videotelefonie.\",\"breadcrumb\":{\"@id\":\"https:\\\/\\\/wayfareraudio.com\\\/kontakt-wayfarer-audio-fuer-auftraege-lizenzierungen-und-bookinganfragen\\\/#breadcrumb\"},\"inLanguage\":\"en-US\",\"potentialAction\":[{\"@type\":\"ReadAction\",\"target\":[\"https:\\\/\\\/wayfareraudio.com\\\/kontakt-wayfarer-audio-fuer-auftraege-lizenzierungen-und-bookinganfragen\\\/\"]}]},{\"@type\":\"BreadcrumbList\",\"@id\":\"https:\\\/\\\/wayfareraudio.com\\\/kontakt-wayfarer-audio-fuer-auftraege-lizenzierungen-und-bookinganfragen\\\/#breadcrumb\",\"itemListElement\":[{\"@type\":\"ListItem\",\"position\":1,\"name\":\"Startseite\",\"item\":\"https:\\\/\\\/wayfareraudio.com\\\/\"},{\"@type\":\"ListItem\",\"position\":2,\"name\":\"Kontakt Wayfarer Audio\"}]},{\"@type\":\"WebSite\",\"@id\":\"https:\\\/\\\/wayfareraudio.com\\\/#website\",\"url\":\"https:\\\/\\\/wayfareraudio.com\\\/\",\"name\":\"Wayfarer Audio\",\"description\":\"Label &amp; Production\",\"potentialAction\":[{\"@type\":\"SearchAction\",\"target\":{\"@type\":\"EntryPoint\",\"urlTemplate\":\"https:\\\/\\\/wayfareraudio.com\\\/?s={search_term_string}\"},\"query-input\":{\"@type\":\"PropertyValueSpecification\",\"valueRequired\":true,\"valueName\":\"search_term_string\"}}],\"inLanguage\":\"en-US\"}]}<\/script>\n<!-- \/ Yoast SEO plugin. -->","yoast_head_json":{"title":"Contact Wayfarer Audio for orders, licences and bookings","description":"Contact Wayfarer Audio for orders, licences, bookings and other inquiries via e-mail, phone or video telephony","robots":{"index":"index","follow":"follow","max-snippet":"max-snippet:-1","max-image-preview":"max-image-preview:large","max-video-preview":"max-video-preview:-1"},"canonical":"https:\/\/wayfareraudio.com\/kontakt-wayfarer-audio-fuer-auftraege-lizenzierungen-und-bookinganfragen\/","og_locale":"en_US","og_type":"article","og_title":"Contact Wayfarer Audio for orders, licences and bookings","og_description":"Contact Wayfarer Audio for orders, licences, bookings and other inquiries via e-mail, phone or video telephony","og_url":"https:\/\/wayfareraudio.com\/kontakt-wayfarer-audio-fuer-auftraege-lizenzierungen-und-bookinganfragen\/","og_site_name":"Wayfarer Audio","article_modified_time":"2025-08-10T12:04:57+00:00","twitter_card":"summary_large_image","twitter_misc":{"Est. reading time":"1 minute"},"schema":{"@context":"https:\/\/schema.org","@graph":[{"@type":"WebPage","@id":"https:\/\/wayfareraudio.com\/kontakt-wayfarer-audio-fuer-auftraege-lizenzierungen-und-bookinganfragen\/","url":"https:\/\/wayfareraudio.com\/kontakt-wayfarer-audio-fuer-auftraege-lizenzierungen-und-bookinganfragen\/","name":"Kontakt Wayfarer Audio f\u00fcr Auftr\u00e4ge, Lizenzierungen und Bookinganfragen","isPartOf":{"@id":"https:\/\/wayfareraudio.com\/#website"},"datePublished":"2020-06-09T16:40:43+00:00","dateModified":"2025-08-10T12:04:57+00:00","description":"Kontakt Wayfarer Audio f\u00fcr Auftr\u00e4ge, Lizenzierungen und Bookinganfragen - per E-Mail, Telefon oder \u00fcber Videotelefonie.","breadcrumb":{"@id":"https:\/\/wayfareraudio.com\/kontakt-wayfarer-audio-fuer-auftraege-lizenzierungen-und-bookinganfragen\/#breadcrumb"},"inLanguage":"en-US","potentialAction":[{"@type":"ReadAction","target":["https:\/\/wayfareraudio.com\/kontakt-wayfarer-audio-fuer-auftraege-lizenzierungen-und-bookinganfragen\/"]}]},{"@type":"BreadcrumbList","@id":"https:\/\/wayfareraudio.com\/kontakt-wayfarer-audio-fuer-auftraege-lizenzierungen-und-bookinganfragen\/#breadcrumb","itemListElement":[{"@type":"ListItem","position":1,"name":"Startseite","item":"https:\/\/wayfareraudio.com\/"},{"@type":"ListItem","position":2,"name":"Kontakt Wayfarer Audio"}]},{"@type":"WebSite","@id":"https:\/\/wayfareraudio.com\/#website","url":"https:\/\/wayfareraudio.com\/","name":"Wayfarer Audio","description":"Label &amp; Production","potentialAction":[{"@type":"SearchAction","target":{"@type":"EntryPoint","urlTemplate":"https:\/\/wayfareraudio.com\/?s={search_term_string}"},"query-input":{"@type":"PropertyValueSpecification","valueRequired":true,"valueName":"search_term_string"}}],"inLanguage":"en-US"}]}},"_links":{"self":[{"href":"https:\/\/wayfareraudio.com\/en\/wp-json\/wp\/v2\/pages\/32","targetHints":{"allow":["GET"]}}],"collection":[{"href":"https:\/\/wayfareraudio.com\/en\/wp-json\/wp\/v2\/pages"}],"about":[{"href":"https:\/\/wayfareraudio.com\/en\/wp-json\/wp\/v2\/types\/page"}],"author":[{"embeddable":true,"href":"https:\/\/wayfareraudio.com\/en\/wp-json\/wp\/v2\/users\/1"}],"replies":[{"embeddable":true,"href":"https:\/\/wayfareraudio.com\/en\/wp-json\/wp\/v2\/comments?post=32"}],"version-history":[{"count":24,"href":"https:\/\/wayfareraudio.com\/en\/wp-json\/wp\/v2\/pages\/32\/revisions"}],"predecessor-version":[{"id":589,"href":"https:\/\/wayfareraudio.com\/en\/wp-json\/wp\/v2\/pages\/32\/revisions\/589"}],"wp:attachment":[{"href":"https:\/\/wayfareraudio.com\/en\/wp-json\/wp\/v2\/media?parent=32"}],"curies":[{"name":"wp","href":"https:\/\/api.w.org\/{rel}","templated":true}]}}